{"id":864,"date":"2018-09-05T14:22:18","date_gmt":"2018-09-05T17:22:18","guid":{"rendered":"http:\/\/www.inproelec.com\/?page_id=864"},"modified":"2018-09-05T14:46:14","modified_gmt":"2018-09-05T17:46:14","slug":"proyectos","status":"publish","type":"page","link":"https:\/\/www.inproelec.com\/en\/proyectos\/","title":{"rendered":"Projects"},"content":{"rendered":"Seleccione el tipo de Proyecto:\r\n<ul style=\"font-size:1.5em;line-height:1.4em;\">\r\n\r\n\t<li><a href=\"http:\/\/www.inproelec.com\/en\/ingenierias\/\">Engineering<\/a><\/li>\r\n\r\n\t<li><a href=\"http:\/\/www.inproelec.com\/en\/estudios\/\">Selectivity Studies<\/a><\/li>\r\n\r\n\t<li><a href=\"http:\/\/www.inproelec.com\/en\/puestas\/\">Commissioning and Field Testing<\/a><\/li>\r\n\r\n\t<li><a href=\"http:\/\/www.inproelec.com\/en\/auditorias\/\">Audits<\/a><\/li>\r\n\r\n\t<li><a href=\"http:\/\/www.inproelec.com\/en\/capacitaciones\/\">Training<\/a><\/li><\/ul>","protected":false},"excerpt":{"rendered":"<p>Seleccione el tipo de Proyecto: Ingenier\u00edas Estudios de Coordinaci\u00f3n Puestas en Servicio y Ensayos Auditor\u00edas Capacitaciones<\/p>","protected":false},"author":1,"featured_media":0,"parent":0,"menu_order":0,"comment_status":"closed","ping_status":"closed","template":"","meta":{"footnotes":""},"class_list":["post-864","page","type-page","status-publish","hentry"],"_links":{"self":[{"href":"https:\/\/www.inproelec.com\/en\/wp-json\/wp\/v2\/pages\/864","targetHints":{"allow":["GET"]}}],"collection":[{"href":"https:\/\/www.inproelec.com\/en\/wp-json\/wp\/v2\/pages"}],"about":[{"href":"https:\/\/www.inproelec.com\/en\/wp-json\/wp\/v2\/types\/page"}],"author":[{"embeddable":true,"href":"https:\/\/www.inproelec.com\/en\/wp-json\/wp\/v2\/users\/1"}],"replies":[{"embeddable":true,"href":"https:\/\/www.inproelec.com\/en\/wp-json\/wp\/v2\/comments?post=864"}],"version-history":[{"count":6,"href":"https:\/\/www.inproelec.com\/en\/wp-json\/wp\/v2\/pages\/864\/revisions"}],"predecessor-version":[{"id":870,"href":"https:\/\/www.inproelec.com\/en\/wp-json\/wp\/v2\/pages\/864\/revisions\/870"}],"wp:attachment":[{"href":"https:\/\/www.inproelec.com\/en\/wp-json\/wp\/v2\/media?parent=864"}],"curies":[{"name":"wp","href":"https:\/\/api.w.org\/{rel}","templated":true}]}}