{"id":33,"date":"2011-05-02T11:45:48","date_gmt":"2011-05-02T11:45:48","guid":{"rendered":"http:\/\/192.168.1.50\/Themes\/2012\/Nano2\/Website_WP\/?page_id=33"},"modified":"2018-06-12T15:15:29","modified_gmt":"2018-06-12T18:15:29","slug":"servicios","status":"publish","type":"page","link":"https:\/\/www.inproelec.com\/en\/servicios\/","title":{"rendered":"Services"},"content":{"rendered":"<p class=\"uk-article-lead matsn1\">INPROELEC provides to their customers specialized services in electrical protection systems, including:<\/p>\r\n\r\n<p style=\"font-size:16px; line-height:2em;\">&#8211; <strong>Consulting and Audit<\/strong> of Electrical Protection Projects.<\/p><p style=\"font-size:16px; line-height:2em;\">\r\n&#8211; <strong>Basic and Detailed Engineering of Electrical Projects<\/strong> of Protections of medium, high and extra high voltage. Having extensive experience in 500 KV systems.<\/p><p style=\"font-size:16px; line-height:2em;\">\r\n&#8211; <strong>Selectivity Studies of Electrical Protections<\/strong>, covering areas of Power Generation, Transmission and Distribution.<\/p><p style=\"font-size:16px; line-height:2em;\">\r\n&#8211; <strong>Electrical Studies and Fault Analysis<\/strong>.<\/p><p style=\"font-size:16px; line-height:2em;\">\r\n&#8211; <strong>Testing and Commissioning<\/strong> of Protection Systems.<\/p><p style=\"font-size:16px; line-height:2em;\">\r\n&#8211; <strong>Training <\/strong>in Protection Systems.\r\n<\/p>","protected":false},"excerpt":{"rendered":"<p>Inproelec brinda a sus clientes servicios especializados en Sistemas de Protecciones El\u00e9ctricas, entre los que se encuentran: &#8211; Consultor\u00eda y Auditor\u00eda de Proyectos El\u00e9ctricos de Protecciones. &#8211; Ingenier\u00eda B\u00e1sica y de Detalle de Proyectos El\u00e9ctricos de Protecciones de media, alta y extra alta tensi\u00f3n. Con amplia experiencia en sistemas de 500 kV. &#8211; Estudios de [&hellip;]<\/p>","protected":false},"author":1,"featured_media":0,"parent":0,"menu_order":0,"comment_status":"closed","ping_status":"closed","template":"","meta":{"footnotes":""},"class_list":["post-33","page","type-page","status-publish","hentry"],"_links":{"self":[{"href":"https:\/\/www.inproelec.com\/en\/wp-json\/wp\/v2\/pages\/33","targetHints":{"allow":["GET"]}}],"collection":[{"href":"https:\/\/www.inproelec.com\/en\/wp-json\/wp\/v2\/pages"}],"about":[{"href":"https:\/\/www.inproelec.com\/en\/wp-json\/wp\/v2\/types\/page"}],"author":[{"embeddable":true,"href":"https:\/\/www.inproelec.com\/en\/wp-json\/wp\/v2\/users\/1"}],"replies":[{"embeddable":true,"href":"https:\/\/www.inproelec.com\/en\/wp-json\/wp\/v2\/comments?post=33"}],"version-history":[{"count":22,"href":"https:\/\/www.inproelec.com\/en\/wp-json\/wp\/v2\/pages\/33\/revisions"}],"predecessor-version":[{"id":773,"href":"https:\/\/www.inproelec.com\/en\/wp-json\/wp\/v2\/pages\/33\/revisions\/773"}],"wp:attachment":[{"href":"https:\/\/www.inproelec.com\/en\/wp-json\/wp\/v2\/media?parent=33"}],"curies":[{"name":"wp","href":"https:\/\/api.w.org\/{rel}","templated":true}]}}