{"id":115,"date":"2011-07-31T16:56:31","date_gmt":"2011-07-31T16:56:31","guid":{"rendered":"http:\/\/192.168.1.50\/Themes\/2012\/Nano2\/Website_WP\/?page_id=115"},"modified":"2018-06-12T15:57:31","modified_gmt":"2018-06-12T18:57:31","slug":"auditorias","status":"publish","type":"page","link":"https:\/\/www.inproelec.com\/en\/auditorias\/","title":{"rendered":"Audits"},"content":{"rendered":"<p class=\"matsn1\">Main audits in which Inproelec has participated.<\/p>\r\n<ul style=\"font-weight:400;list-style-type:none; background-color:white;margin-top:30px;border-radius: 25px;padding-top:1em;padding-right:1em;padding-bottom:1em;\">\t<li style=\"border-bottom: 1px solid #ccc;padding-bottom:10px;\"><a class=\"matsn\" href=\"#i1\">Electrical Protection Systems Cobos 500\/345 kV Substation<\/a><\/li>\r\n\t<li><a class=\"matsn\" href=\"#i2\">Electrical Protections - ESSO Campana Fuel Refinery<\/a><\/li>\r\n\t<\/ul>\r\n<br\/><hr\/>\r\n<div id=\"i1\">\r\n<h3 class=\"uk-margin-top-remove\">Electrical Protection Systems Cobos 500\/345 kV Substation<\/h3>\r\n<p class=\"matsn1\">Client: <strong>TRANSENER S.A.<\/strong><\/p><hr>\r\n<p class=\"matsn\">Audit and review of the new Protection Engineering of Cobos 500\/345 kV Substation. The project consisted in the comprehensive review of the detailed engineering of the totality of the new protection cubicles supplied by ABB for these stations. This work formed part of the process of approval of the detailed engineering, in order to ensure that it conforms to the guidelines requested in the statement and the current standards for facilities of its kind in the national interconnected system.<\/p><\/div>\r\n<br\/><hr><br\/><div id=\"i2\">\r\n<h3 class=\"uk-margin-top-remove\">Electrical Protections - ESSO Campana Fuel Refinery<\/h3>\r\n<p class=\"matsn1\">Client: <strong>ESSO PETROLERA ARGENTINA S.R.L.<\/strong><\/p><hr>\r\n<p class=\"matsn\">Audit of protection settings of medium and low voltage of the Campana refinery facilities. The project consisted in the field survey of protection settings and subsequent analysis based on existing selectivity studies.<\/p><\/div>","protected":false},"excerpt":{"rendered":"<p>Principales auditor\u00edas en las cuales Inproelec ha participado. Auditor\u00eda Sistemas de Protecciones E.T. Cobos 500\/345 kV Auditor\u00eda de Protecciones El\u00e9ctricas \u2013 Planta ESSO Campana Auditor\u00eda Sistemas de Protecciones E.T. Cobos 500\/345 kV Cliente: TRANSENER S.A. Auditor\u00eda y revisi\u00f3n de la nueva Ingenier\u00eda de Protecciones de la E.T. Cobos 500\/345 kV. El proyecto consisti\u00f3 en la [&hellip;]<\/p>","protected":false},"author":1,"featured_media":0,"parent":0,"menu_order":0,"comment_status":"closed","ping_status":"closed","template":"","meta":{"footnotes":""},"class_list":["post-115","page","type-page","status-publish","hentry"],"_links":{"self":[{"href":"https:\/\/www.inproelec.com\/en\/wp-json\/wp\/v2\/pages\/115","targetHints":{"allow":["GET"]}}],"collection":[{"href":"https:\/\/www.inproelec.com\/en\/wp-json\/wp\/v2\/pages"}],"about":[{"href":"https:\/\/www.inproelec.com\/en\/wp-json\/wp\/v2\/types\/page"}],"author":[{"embeddable":true,"href":"https:\/\/www.inproelec.com\/en\/wp-json\/wp\/v2\/users\/1"}],"replies":[{"embeddable":true,"href":"https:\/\/www.inproelec.com\/en\/wp-json\/wp\/v2\/comments?post=115"}],"version-history":[{"count":2,"href":"https:\/\/www.inproelec.com\/en\/wp-json\/wp\/v2\/pages\/115\/revisions"}],"predecessor-version":[{"id":840,"href":"https:\/\/www.inproelec.com\/en\/wp-json\/wp\/v2\/pages\/115\/revisions\/840"}],"wp:attachment":[{"href":"https:\/\/www.inproelec.com\/en\/wp-json\/wp\/v2\/media?parent=115"}],"curies":[{"name":"wp","href":"https:\/\/api.w.org\/{rel}","templated":true}]}}